{"id":18566,"date":"2024-11-26T16:23:36","date_gmt":"2024-11-26T16:23:36","guid":{"rendered":"https:\/\/www.make-it-in-munich.com\/ponte-en-contacto-con\/"},"modified":"2025-12-08T22:02:08","modified_gmt":"2025-12-08T22:02:08","slug":"ponte-en-contacto-con","status":"publish","type":"page","link":"https:\/\/www.make-it-in-munich.com\/es\/ponte-en-contacto-con\/","title":{"rendered":"Contacto"},"content":{"rendered":"\t\t<div data-elementor-type=\"wp-page\" data-elementor-id=\"18566\" class=\"elementor elementor-18566 elementor-6174\" data-elementor-post-type=\"page\">\n\t\t\t\t<div class=\"elementor-element elementor-element-9c7a2c5 e-con-full e-flex e-con e-parent\" data-id=\"9c7a2c5\" data-element_type=\"container\" data-settings=\"{&quot;jet_parallax_layout_list&quot;:[]}\">\n\t\t\t\t<div class=\"elementor-element elementor-element-00f50ad elementor-widget elementor-widget-template\" data-id=\"00f50ad\" data-element_type=\"widget\" data-widget_type=\"template.default\">\n\t\t\t\t<div class=\"elementor-widget-container\">\n\t\t\t\t\t\t\t<div class=\"elementor-template\">\n\t\t\t\t\t<div data-elementor-type=\"container\" data-elementor-id=\"18276\" class=\"elementor elementor-18276 elementor-849 elementor-849\" data-elementor-post-type=\"elementor_library\">\n\t\t\t\t<div data-dce-background-overlay-color=\"#FFFFFF00\" data-dce-background-image-url=\"https:\/\/www.make-it-in-munich.com\/wp-content\/uploads\/2024\/12\/Panorama-Stachus-\u00a9-Munchen-Tourismus-Joerg-Lutz-scaled.jpg\" class=\"elementor-element elementor-element-7483461 e-flex e-con-boxed e-con e-parent\" data-id=\"7483461\" data-element_type=\"container\" data-settings=\"{&quot;background_background&quot;:&quot;classic&quot;,&quot;jet_parallax_layout_list&quot;:[]}\">\n\t\t\t\t\t<div class=\"e-con-inner\">\n\t\t<!-- dce invisible element bf702fb -->\t\t<div class=\"elementor-element elementor-element-9a6f9f2 dc-has-condition dc-condition-equal elementor-widget elementor-widget-heading\" data-id=\"9a6f9f2\" data-element_type=\"widget\" data-settings=\"{&quot;enabled_visibility&quot;:&quot;yes&quot;,&quot;dce_visibility_selected&quot;:&quot;yes&quot;}\" data-widget_type=\"heading.default\">\n\t\t\t\t<div class=\"elementor-widget-container\">\n\t\t\t\t\t<h1 class=\"elementor-heading-title elementor-size-default\">Contacto<\/h1>\t\t\t\t<\/div>\n\t\t\t\t<\/div>\n\t\t<!-- dce invisible element 40c1201 --><!-- dce invisible element a7fb9a5 --><!-- dce invisible element 3f7b06b --><!-- hidden container 18566-c3b6cdf --><!-- hidden container 18566-6cd63b6 -->\t\t\t<\/div>\n\t\t\t\t<\/div>\n\t\t<div data-dce-background-color=\"#FFCC00\" class=\"elementor-element elementor-element-c9e3898 elementor-hidden-tablet elementor-hidden-mobile e-flex e-con-boxed e-con e-parent\" data-id=\"c9e3898\" data-element_type=\"container\" data-settings=\"{&quot;background_background&quot;:&quot;classic&quot;,&quot;jet_parallax_layout_list&quot;:[]}\">\n\t\t\t\t\t<div class=\"e-con-inner\">\n\t\t<div class=\"elementor-element elementor-element-c0241f3 e-con-full e-flex e-con e-child\" data-id=\"c0241f3\" data-element_type=\"container\" data-settings=\"{&quot;jet_parallax_layout_list&quot;:[]}\">\n\t\t\t\t<div class=\"elementor-element elementor-element-259b8cf elementor-widget elementor-widget-heading\" data-id=\"259b8cf\" data-element_type=\"widget\" data-widget_type=\"heading.default\">\n\t\t\t\t<div class=\"elementor-widget-container\">\n\t\t\t\t\t<div class=\"elementor-heading-title elementor-size-default\">La web oficial de M\u00fanich para profesionales cualificados y j\u00f3venes talentos extranjeros.<\/div>\t\t\t\t<\/div>\n\t\t\t\t<\/div>\n\t\t\t\t<\/div>\n\t\t<div class=\"elementor-element elementor-element-ad239f1 e-con-full e-flex e-con e-child\" data-id=\"ad239f1\" data-element_type=\"container\" data-settings=\"{&quot;jet_parallax_layout_list&quot;:[]}\">\n\t\t\t\t<div class=\"elementor-element elementor-element-d0a3147 dce_masking-none elementor-widget elementor-widget-image\" data-id=\"d0a3147\" data-element_type=\"widget\" data-widget_type=\"image.default\">\n\t\t\t\t<div class=\"elementor-widget-container\">\n\t\t\t\t\t\t\t\t\t\t\t\t\t\t\t<img fetchpriority=\"high\" decoding=\"async\" width=\"640\" height=\"126\" src=\"https:\/\/www.make-it-in-munich.com\/wp-content\/uploads\/2024\/10\/cityofmunich.png\" class=\"attachment-large size-large wp-image-2452\" alt=\"\" srcset=\"\/\/www.make-it-in-munich.com\/wp-content\/uploads\/2024\/10\/cityofmunich.png 640w, \/\/www.make-it-in-munich.com\/wp-content\/uploads\/2024\/10\/cityofmunich-300x59.png 300w\" sizes=\"(max-width: 640px) 100vw, 640px\" \/>\t\t\t\t\t\t\t\t\t\t\t\t\t\t\t<\/div>\n\t\t\t\t<\/div>\n\t\t\t\t<\/div>\n\t\t\t\t\t<\/div>\n\t\t\t\t<\/div>\n\t\t<div class=\"elementor-element elementor-element-8d2bc18 elementor-hidden-desktop elementor-hidden-laptop e-flex e-con-boxed e-con e-parent\" data-id=\"8d2bc18\" data-element_type=\"container\" data-settings=\"{&quot;background_background&quot;:&quot;classic&quot;,&quot;jet_parallax_layout_list&quot;:[]}\">\n\t\t\t\t\t<div class=\"e-con-inner\">\n\t\t<div class=\"elementor-element elementor-element-51fef76 e-con-full e-flex e-con e-child\" data-id=\"51fef76\" data-element_type=\"container\" data-settings=\"{&quot;jet_parallax_layout_list&quot;:[]}\">\n\t\t\t\t<div class=\"elementor-element elementor-element-208cf5f elementor-widget elementor-widget-heading\" data-id=\"208cf5f\" data-element_type=\"widget\" data-widget_type=\"heading.default\">\n\t\t\t\t<div class=\"elementor-widget-container\">\n\t\t\t\t\t<div class=\"elementor-heading-title elementor-size-default\">La web oficial de M\u00fanich para profesionales cualificados y j\u00f3venes talentos extranjeros.<\/div>\t\t\t\t<\/div>\n\t\t\t\t<\/div>\n\t\t\t\t<\/div>\n\t\t<div class=\"elementor-element elementor-element-ca6a577 e-con-full e-flex e-con e-child\" data-id=\"ca6a577\" data-element_type=\"container\" data-settings=\"{&quot;jet_parallax_layout_list&quot;:[]}\">\n\t\t\t\t<div class=\"elementor-element elementor-element-8b10eec elementor-widget-mobile__width-initial dce_masking-none elementor-widget elementor-widget-image\" data-id=\"8b10eec\" data-element_type=\"widget\" data-widget_type=\"image.default\">\n\t\t\t\t<div class=\"elementor-widget-container\">\n\t\t\t\t\t\t\t\t\t\t\t\t\t\t\t<img fetchpriority=\"high\" decoding=\"async\" width=\"640\" height=\"126\" src=\"https:\/\/www.make-it-in-munich.com\/wp-content\/uploads\/2024\/10\/cityofmunich.png\" class=\"attachment-large size-large wp-image-2452\" alt=\"\" srcset=\"\/\/www.make-it-in-munich.com\/wp-content\/uploads\/2024\/10\/cityofmunich.png 640w, \/\/www.make-it-in-munich.com\/wp-content\/uploads\/2024\/10\/cityofmunich-300x59.png 300w\" sizes=\"(max-width: 640px) 100vw, 640px\" \/>\t\t\t\t\t\t\t\t\t\t\t\t\t\t\t<\/div>\n\t\t\t\t<\/div>\n\t\t\t\t<\/div>\n\t\t\t\t\t<\/div>\n\t\t\t\t<\/div>\n\t\t<div data-dce-background-color=\"#FFFFFF\" class=\"elementor-element elementor-element-14a82c4 dc-has-condition dc-condition-equal e-flex e-con-boxed e-con e-parent\" data-id=\"14a82c4\" data-element_type=\"container\" data-settings=\"{&quot;background_background&quot;:&quot;classic&quot;,&quot;jet_parallax_layout_list&quot;:[]}\">\n\t\t\t\t\t<div class=\"e-con-inner\">\n\t\t\t\t<div class=\"elementor-element elementor-element-d8a398c elementor-widget elementor-widget-jet-breadcrumbs\" data-id=\"d8a398c\" data-element_type=\"widget\" data-widget_type=\"jet-breadcrumbs.default\">\n\t\t\t\t<div class=\"elementor-widget-container\">\n\t\t\t\t\t<div class=\"elementor-jet-breadcrumbs jet-blocks\">\n\t\t<div class=\"jet-breadcrumbs\">\n\t\t<div class=\"jet-breadcrumbs__content\">\n\t\t<div class=\"jet-breadcrumbs__wrap\"><div class=\"jet-breadcrumbs__item\"><a href=\"https:\/\/www.make-it-in-munich.com\/es\/\" class=\"jet-breadcrumbs__item-link is-home\" rel=\"home\" title=\"Home\">Home<\/a><\/div>\n\t\t<\/div>\n\t\t<\/div>\n\t\t<\/div><\/div>\t\t\t\t<\/div>\n\t\t\t\t<\/div>\n\t\t\t\t\t<\/div>\n\t\t\t\t<\/div>\n\t\t\t\t<\/div>\n\t\t\t\t<\/div>\n\t\t\t\t\t\t<\/div>\n\t\t\t\t<\/div>\n\t\t\t\t<\/div>\n\t\t<div class=\"elementor-element elementor-element-753e5aa e-flex e-con-boxed e-con e-parent\" data-id=\"753e5aa\" data-element_type=\"container\" data-settings=\"{&quot;jet_parallax_layout_list&quot;:[]}\">\n\t\t\t\t\t<div class=\"e-con-inner\">\n\t\t\t\t<div class=\"elementor-element elementor-element-0f4c35e elementor-widget elementor-widget-heading\" data-id=\"0f4c35e\" data-element_type=\"widget\" data-widget_type=\"heading.default\">\n\t\t\t\t<div class=\"elementor-widget-container\">\n\t\t\t\t\t<h2 class=\"elementor-heading-title elementor-size-default\">\u00a1Esperamos tu mensaje!<\/h2>\t\t\t\t<\/div>\n\t\t\t\t<\/div>\n\t\t\t\t<div class=\"elementor-element elementor-element-a54eb02 elementor-widget elementor-widget-html\" data-id=\"a54eb02\" data-element_type=\"widget\" data-widget_type=\"html.default\">\n\t\t\t\t<div class=\"elementor-widget-container\">\n\t\t\t\t\t<script type=\"text\/javascript\" src=\"https:\/\/form.jotform.com\/jsform\/242101411286342\"><\/script>\t\t\t\t<\/div>\n\t\t\t\t<\/div>\n\t\t\t\t\t<\/div>\n\t\t\t\t<\/div>\n\t\t\t\t<\/div>\n\t\t","protected":false},"excerpt":{"rendered":"<p>\u00a1Esperamos tu mensaje!<\/p>\n","protected":false},"author":1,"featured_media":7573,"parent":0,"menu_order":12,"comment_status":"closed","ping_status":"closed","template":"","meta":{"_acf_changed":false,"footnotes":""},"class_list":["post-18566","page","type-page","status-publish","has-post-thumbnail","hentry"],"acf":[],"yoast_head":"<!-- This site is optimized with the Yoast SEO plugin v27.1.1 - https:\/\/yoast.com\/product\/yoast-seo-wordpress\/ -->\n<title>Contacto - Make it in Munich<\/title>\n<meta name=\"robots\" content=\"index, follow, max-snippet:-1, max-image-preview:large, max-video-preview:-1\" \/>\n<link rel=\"canonical\" href=\"https:\/\/www.make-it-in-munich.com\/es\/ponte-en-contacto-con\/\" \/>\n<meta property=\"og:locale\" content=\"es_ES\" \/>\n<meta property=\"og:type\" content=\"article\" \/>\n<meta property=\"og:title\" content=\"Contacto - Make it in Munich\" \/>\n<meta property=\"og:description\" content=\"\u00a1Esperamos tu mensaje!\" \/>\n<meta property=\"og:url\" content=\"https:\/\/www.make-it-in-munich.com\/es\/ponte-en-contacto-con\/\" \/>\n<meta property=\"og:site_name\" content=\"Make it in Munich\" \/>\n<meta property=\"article:modified_time\" content=\"2025-12-08T22:02:08+00:00\" \/>\n<meta property=\"og:image\" content=\"https:\/\/www.make-it-in-munich.com\/wp-content\/uploads\/2024\/12\/Panorama-Stachus-\u00a9-Munchen-Tourismus-Joerg-Lutz-scaled.jpg\" \/>\n\t<meta property=\"og:image:width\" content=\"2560\" \/>\n\t<meta property=\"og:image:height\" content=\"1706\" \/>\n\t<meta property=\"og:image:type\" content=\"image\/jpeg\" \/>\n<meta name=\"twitter:card\" content=\"summary_large_image\" \/>\n<script type=\"application\/ld+json\" class=\"yoast-schema-graph\">{\"@context\":\"https:\/\/schema.org\",\"@graph\":[{\"@type\":\"WebPage\",\"@id\":\"https:\/\/www.make-it-in-munich.com\/es\/ponte-en-contacto-con\/\",\"url\":\"https:\/\/www.make-it-in-munich.com\/es\/ponte-en-contacto-con\/\",\"name\":\"Contacto - Make it in Munich\",\"isPartOf\":{\"@id\":\"https:\/\/www.make-it-in-munich.com\/es\/#website\"},\"primaryImageOfPage\":{\"@id\":\"https:\/\/www.make-it-in-munich.com\/es\/ponte-en-contacto-con\/#primaryimage\"},\"image\":{\"@id\":\"https:\/\/www.make-it-in-munich.com\/es\/ponte-en-contacto-con\/#primaryimage\"},\"thumbnailUrl\":\"https:\/\/www.make-it-in-munich.com\/wp-content\/uploads\/2024\/12\/Panorama-Stachus-\u00a9-Munchen-Tourismus-Joerg-Lutz-scaled.jpg\",\"datePublished\":\"2024-11-26T16:23:36+00:00\",\"dateModified\":\"2025-12-08T22:02:08+00:00\",\"breadcrumb\":{\"@id\":\"https:\/\/www.make-it-in-munich.com\/es\/ponte-en-contacto-con\/#breadcrumb\"},\"inLanguage\":\"es\",\"potentialAction\":[{\"@type\":\"ReadAction\",\"target\":[\"https:\/\/www.make-it-in-munich.com\/es\/ponte-en-contacto-con\/\"]}]},{\"@type\":\"ImageObject\",\"inLanguage\":\"es\",\"@id\":\"https:\/\/www.make-it-in-munich.com\/es\/ponte-en-contacto-con\/#primaryimage\",\"url\":\"https:\/\/www.make-it-in-munich.com\/wp-content\/uploads\/2024\/12\/Panorama-Stachus-\u00a9-Munchen-Tourismus-Joerg-Lutz-scaled.jpg\",\"contentUrl\":\"https:\/\/www.make-it-in-munich.com\/wp-content\/uploads\/2024\/12\/Panorama-Stachus-\u00a9-Munchen-Tourismus-Joerg-Lutz-scaled.jpg\",\"width\":2560,\"height\":1706,\"caption\":\"Der Stachus, offiziell Karlsplatz, ist ein Platz im Zentrum M\u00fcnchens. Er wird halbkreisf\u00f6rmig vom neobarocken Stachus-Rondell umgeben, das 1899\u20131901 nach Pl\u00e4nen von Gabriel von Seidl errichtet wurde. Stachus ist die umgangssprachliche Bezeichnung f\u00fcr den Karlsplatz. Der Name stammt von einem Gastwirt mit Namen Eustachius F\u00f6derl, der an diesem Platz seit 1755 im Bereich des heutigen Kaufhofs ein Gasthaus namens Stachusgarten betrieb. Stachus ist die Verk\u00fcrzung des Namens Eustachius. The Stachus, officially Karlsplatz, is a square in the center of Munich. It is surrounded in a semicircle by the neo-baroque Stachus roundabout, which was built from 1899\u20131901 according to plans by Gabriel von Seidl. Stachus is the slang term for Karlsplatz. The name comes from an innkeeper by the name of Eustachius F\u00f6derl, who has been running an inn called Stachusgarten on this site since 1755 in the area of today's Kaufhof. Stachus is the abbreviation of the name Eustachius.\"},{\"@type\":\"BreadcrumbList\",\"@id\":\"https:\/\/www.make-it-in-munich.com\/es\/ponte-en-contacto-con\/#breadcrumb\",\"itemListElement\":[{\"@type\":\"ListItem\",\"position\":1,\"name\":\"Home\",\"item\":\"https:\/\/www.make-it-in-munich.com\/es\/\"},{\"@type\":\"ListItem\",\"position\":2,\"name\":\"Contacto\"}]},{\"@type\":\"WebSite\",\"@id\":\"https:\/\/www.make-it-in-munich.com\/es\/#website\",\"url\":\"https:\/\/www.make-it-in-munich.com\/es\/\",\"name\":\"Make it in Munich\",\"description\":\"\",\"publisher\":{\"@id\":\"https:\/\/www.make-it-in-munich.com\/es\/#organization\"},\"potentialAction\":[{\"@type\":\"SearchAction\",\"target\":{\"@type\":\"EntryPoint\",\"urlTemplate\":\"https:\/\/www.make-it-in-munich.com\/es\/?s={search_term_string}\"},\"query-input\":{\"@type\":\"PropertyValueSpecification\",\"valueRequired\":true,\"valueName\":\"search_term_string\"}}],\"inLanguage\":\"es\"},{\"@type\":\"Organization\",\"@id\":\"https:\/\/www.make-it-in-munich.com\/es\/#organization\",\"name\":\"Make it in Munich\",\"url\":\"https:\/\/www.make-it-in-munich.com\/es\/\",\"logo\":{\"@type\":\"ImageObject\",\"inLanguage\":\"es\",\"@id\":\"https:\/\/www.make-it-in-munich.com\/es\/#\/schema\/logo\/image\/\",\"url\":\"https:\/\/www.make-it-in-munich.com\/wp-content\/uploads\/2024\/07\/MiiM_Logo_color-black-transparent.png\",\"contentUrl\":\"https:\/\/www.make-it-in-munich.com\/wp-content\/uploads\/2024\/07\/MiiM_Logo_color-black-transparent.png\",\"width\":400,\"height\":132,\"caption\":\"Make it in Munich\"},\"image\":{\"@id\":\"https:\/\/www.make-it-in-munich.com\/es\/#\/schema\/logo\/image\/\"}}]}<\/script>\n<!-- \/ Yoast SEO plugin. -->","yoast_head_json":{"title":"Contacto - Make it in Munich","robots":{"index":"index","follow":"follow","max-snippet":"max-snippet:-1","max-image-preview":"max-image-preview:large","max-video-preview":"max-video-preview:-1"},"canonical":"https:\/\/www.make-it-in-munich.com\/es\/ponte-en-contacto-con\/","og_locale":"es_ES","og_type":"article","og_title":"Contacto - Make it in Munich","og_description":"\u00a1Esperamos tu mensaje!","og_url":"https:\/\/www.make-it-in-munich.com\/es\/ponte-en-contacto-con\/","og_site_name":"Make it in Munich","article_modified_time":"2025-12-08T22:02:08+00:00","og_image":[{"width":2560,"height":1706,"url":"https:\/\/www.make-it-in-munich.com\/wp-content\/uploads\/2024\/12\/Panorama-Stachus-\u00a9-Munchen-Tourismus-Joerg-Lutz-scaled.jpg","type":"image\/jpeg"}],"twitter_card":"summary_large_image","schema":{"@context":"https:\/\/schema.org","@graph":[{"@type":"WebPage","@id":"https:\/\/www.make-it-in-munich.com\/es\/ponte-en-contacto-con\/","url":"https:\/\/www.make-it-in-munich.com\/es\/ponte-en-contacto-con\/","name":"Contacto - Make it in Munich","isPartOf":{"@id":"https:\/\/www.make-it-in-munich.com\/es\/#website"},"primaryImageOfPage":{"@id":"https:\/\/www.make-it-in-munich.com\/es\/ponte-en-contacto-con\/#primaryimage"},"image":{"@id":"https:\/\/www.make-it-in-munich.com\/es\/ponte-en-contacto-con\/#primaryimage"},"thumbnailUrl":"https:\/\/www.make-it-in-munich.com\/wp-content\/uploads\/2024\/12\/Panorama-Stachus-\u00a9-Munchen-Tourismus-Joerg-Lutz-scaled.jpg","datePublished":"2024-11-26T16:23:36+00:00","dateModified":"2025-12-08T22:02:08+00:00","breadcrumb":{"@id":"https:\/\/www.make-it-in-munich.com\/es\/ponte-en-contacto-con\/#breadcrumb"},"inLanguage":"es","potentialAction":[{"@type":"ReadAction","target":["https:\/\/www.make-it-in-munich.com\/es\/ponte-en-contacto-con\/"]}]},{"@type":"ImageObject","inLanguage":"es","@id":"https:\/\/www.make-it-in-munich.com\/es\/ponte-en-contacto-con\/#primaryimage","url":"https:\/\/www.make-it-in-munich.com\/wp-content\/uploads\/2024\/12\/Panorama-Stachus-\u00a9-Munchen-Tourismus-Joerg-Lutz-scaled.jpg","contentUrl":"https:\/\/www.make-it-in-munich.com\/wp-content\/uploads\/2024\/12\/Panorama-Stachus-\u00a9-Munchen-Tourismus-Joerg-Lutz-scaled.jpg","width":2560,"height":1706,"caption":"Der Stachus, offiziell Karlsplatz, ist ein Platz im Zentrum M\u00fcnchens. Er wird halbkreisf\u00f6rmig vom neobarocken Stachus-Rondell umgeben, das 1899\u20131901 nach Pl\u00e4nen von Gabriel von Seidl errichtet wurde. Stachus ist die umgangssprachliche Bezeichnung f\u00fcr den Karlsplatz. Der Name stammt von einem Gastwirt mit Namen Eustachius F\u00f6derl, der an diesem Platz seit 1755 im Bereich des heutigen Kaufhofs ein Gasthaus namens Stachusgarten betrieb. Stachus ist die Verk\u00fcrzung des Namens Eustachius. The Stachus, officially Karlsplatz, is a square in the center of Munich. It is surrounded in a semicircle by the neo-baroque Stachus roundabout, which was built from 1899\u20131901 according to plans by Gabriel von Seidl. Stachus is the slang term for Karlsplatz. The name comes from an innkeeper by the name of Eustachius F\u00f6derl, who has been running an inn called Stachusgarten on this site since 1755 in the area of today's Kaufhof. Stachus is the abbreviation of the name Eustachius."},{"@type":"BreadcrumbList","@id":"https:\/\/www.make-it-in-munich.com\/es\/ponte-en-contacto-con\/#breadcrumb","itemListElement":[{"@type":"ListItem","position":1,"name":"Home","item":"https:\/\/www.make-it-in-munich.com\/es\/"},{"@type":"ListItem","position":2,"name":"Contacto"}]},{"@type":"WebSite","@id":"https:\/\/www.make-it-in-munich.com\/es\/#website","url":"https:\/\/www.make-it-in-munich.com\/es\/","name":"Make it in Munich","description":"","publisher":{"@id":"https:\/\/www.make-it-in-munich.com\/es\/#organization"},"potentialAction":[{"@type":"SearchAction","target":{"@type":"EntryPoint","urlTemplate":"https:\/\/www.make-it-in-munich.com\/es\/?s={search_term_string}"},"query-input":{"@type":"PropertyValueSpecification","valueRequired":true,"valueName":"search_term_string"}}],"inLanguage":"es"},{"@type":"Organization","@id":"https:\/\/www.make-it-in-munich.com\/es\/#organization","name":"Make it in Munich","url":"https:\/\/www.make-it-in-munich.com\/es\/","logo":{"@type":"ImageObject","inLanguage":"es","@id":"https:\/\/www.make-it-in-munich.com\/es\/#\/schema\/logo\/image\/","url":"https:\/\/www.make-it-in-munich.com\/wp-content\/uploads\/2024\/07\/MiiM_Logo_color-black-transparent.png","contentUrl":"https:\/\/www.make-it-in-munich.com\/wp-content\/uploads\/2024\/07\/MiiM_Logo_color-black-transparent.png","width":400,"height":132,"caption":"Make it in Munich"},"image":{"@id":"https:\/\/www.make-it-in-munich.com\/es\/#\/schema\/logo\/image\/"}}]}},"_links":{"self":[{"href":"https:\/\/www.make-it-in-munich.com\/es\/wp-json\/wp\/v2\/pages\/18566","targetHints":{"allow":["GET"]}}],"collection":[{"href":"https:\/\/www.make-it-in-munich.com\/es\/wp-json\/wp\/v2\/pages"}],"about":[{"href":"https:\/\/www.make-it-in-munich.com\/es\/wp-json\/wp\/v2\/types\/page"}],"author":[{"embeddable":true,"href":"https:\/\/www.make-it-in-munich.com\/es\/wp-json\/wp\/v2\/users\/1"}],"replies":[{"embeddable":true,"href":"https:\/\/www.make-it-in-munich.com\/es\/wp-json\/wp\/v2\/comments?post=18566"}],"version-history":[{"count":6,"href":"https:\/\/www.make-it-in-munich.com\/es\/wp-json\/wp\/v2\/pages\/18566\/revisions"}],"predecessor-version":[{"id":20164,"href":"https:\/\/www.make-it-in-munich.com\/es\/wp-json\/wp\/v2\/pages\/18566\/revisions\/20164"}],"wp:featuredmedia":[{"embeddable":true,"href":"https:\/\/www.make-it-in-munich.com\/es\/wp-json\/wp\/v2\/media\/7573"}],"wp:attachment":[{"href":"https:\/\/www.make-it-in-munich.com\/es\/wp-json\/wp\/v2\/media?parent=18566"}],"curies":[{"name":"wp","href":"https:\/\/api.w.org\/{rel}","templated":true}]}}