{"id":18155,"date":"2024-11-22T16:19:49","date_gmt":"2024-11-22T16:19:49","guid":{"rendered":"https:\/\/www.make-it-in-munich.com\/vivir-en-munich\/"},"modified":"2025-12-01T09:48:28","modified_gmt":"2025-12-01T09:48:28","slug":"vivir-en-munich","status":"publish","type":"page","link":"https:\/\/www.make-it-in-munich.com\/es\/vivir-en-munich\/","title":{"rendered":"Vivir en M\u00fanich"},"content":{"rendered":"\t\t<div data-elementor-type=\"wp-page\" data-elementor-id=\"18155\" class=\"elementor elementor-18155 elementor-4225\" data-elementor-post-type=\"page\">\n\t\t\t\t<div class=\"elementor-element elementor-element-8b76c29 e-flex e-con-boxed e-con e-parent\" data-id=\"8b76c29\" data-element_type=\"container\" data-settings=\"{&quot;jet_parallax_layout_list&quot;:[]}\">\n\t\t\t\t\t<div class=\"e-con-inner\">\n\t\t\t\t<div class=\"elementor-element elementor-element-b512a57 elementor-widget elementor-widget-template\" data-id=\"b512a57\" data-element_type=\"widget\" data-widget_type=\"template.default\">\n\t\t\t\t<div class=\"elementor-widget-container\">\n\t\t\t\t\t\t\t<div class=\"elementor-template\">\n\t\t\t\t\t<div data-elementor-type=\"container\" data-elementor-id=\"18276\" class=\"elementor elementor-18276 elementor-849 elementor-849\" data-elementor-post-type=\"elementor_library\">\n\t\t\t\t<div data-dce-background-overlay-color=\"#FFFFFF00\" data-dce-background-image-url=\"https:\/\/www.make-it-in-munich.com\/wp-content\/uploads\/2025\/06\/Panorama-Stachus-\u00a9-Munchen-Tourismus-Joerg-Lutz-scaled-1-e1749763489686.jpg\" class=\"elementor-element elementor-element-7483461 e-flex e-con-boxed e-con e-parent\" data-id=\"7483461\" data-element_type=\"container\" data-settings=\"{&quot;background_background&quot;:&quot;classic&quot;,&quot;jet_parallax_layout_list&quot;:[]}\">\n\t\t\t\t\t<div class=\"e-con-inner\">\n\t\t<!-- dce invisible element bf702fb -->\t\t<div class=\"elementor-element elementor-element-9a6f9f2 dc-has-condition dc-condition-equal elementor-widget elementor-widget-heading\" data-id=\"9a6f9f2\" data-element_type=\"widget\" data-settings=\"{&quot;enabled_visibility&quot;:&quot;yes&quot;,&quot;dce_visibility_selected&quot;:&quot;yes&quot;}\" data-widget_type=\"heading.default\">\n\t\t\t\t<div class=\"elementor-widget-container\">\n\t\t\t\t\t<h1 class=\"elementor-heading-title elementor-size-default\">Vivir en M\u00fanich<\/h1>\t\t\t\t<\/div>\n\t\t\t\t<\/div>\n\t\t<!-- dce invisible element 40c1201 --><!-- dce invisible element a7fb9a5 --><!-- dce invisible element 3f7b06b --><!-- hidden container 18155-c3b6cdf --><!-- hidden container 18155-6cd63b6 -->\t\t\t<\/div>\n\t\t\t\t<\/div>\n\t\t<div data-dce-background-color=\"#FFCC00\" class=\"elementor-element elementor-element-c9e3898 elementor-hidden-tablet elementor-hidden-mobile e-flex e-con-boxed e-con e-parent\" data-id=\"c9e3898\" data-element_type=\"container\" data-settings=\"{&quot;background_background&quot;:&quot;classic&quot;,&quot;jet_parallax_layout_list&quot;:[]}\">\n\t\t\t\t\t<div class=\"e-con-inner\">\n\t\t<div class=\"elementor-element elementor-element-c0241f3 e-con-full e-flex e-con e-child\" data-id=\"c0241f3\" data-element_type=\"container\" data-settings=\"{&quot;jet_parallax_layout_list&quot;:[]}\">\n\t\t\t\t<div class=\"elementor-element elementor-element-259b8cf elementor-widget elementor-widget-heading\" data-id=\"259b8cf\" data-element_type=\"widget\" data-widget_type=\"heading.default\">\n\t\t\t\t<div class=\"elementor-widget-container\">\n\t\t\t\t\t<div class=\"elementor-heading-title elementor-size-default\">La web oficial de M\u00fanich para profesionales cualificados y j\u00f3venes talentos extranjeros.<\/div>\t\t\t\t<\/div>\n\t\t\t\t<\/div>\n\t\t\t\t<\/div>\n\t\t<div class=\"elementor-element elementor-element-ad239f1 e-con-full e-flex e-con e-child\" data-id=\"ad239f1\" data-element_type=\"container\" data-settings=\"{&quot;jet_parallax_layout_list&quot;:[]}\">\n\t\t\t\t<div class=\"elementor-element elementor-element-d0a3147 dce_masking-none elementor-widget elementor-widget-image\" data-id=\"d0a3147\" data-element_type=\"widget\" data-widget_type=\"image.default\">\n\t\t\t\t<div class=\"elementor-widget-container\">\n\t\t\t\t\t\t\t\t\t\t\t\t\t\t\t<img fetchpriority=\"high\" decoding=\"async\" width=\"640\" height=\"126\" src=\"https:\/\/www.make-it-in-munich.com\/wp-content\/uploads\/2024\/10\/cityofmunich.png\" class=\"attachment-large size-large wp-image-2452\" alt=\"\" srcset=\"\/\/www.make-it-in-munich.com\/wp-content\/uploads\/2024\/10\/cityofmunich.png 640w, \/\/www.make-it-in-munich.com\/wp-content\/uploads\/2024\/10\/cityofmunich-300x59.png 300w\" sizes=\"(max-width: 640px) 100vw, 640px\" \/>\t\t\t\t\t\t\t\t\t\t\t\t\t\t\t<\/div>\n\t\t\t\t<\/div>\n\t\t\t\t<\/div>\n\t\t\t\t\t<\/div>\n\t\t\t\t<\/div>\n\t\t<div class=\"elementor-element elementor-element-8d2bc18 elementor-hidden-desktop elementor-hidden-laptop e-flex e-con-boxed e-con e-parent\" data-id=\"8d2bc18\" data-element_type=\"container\" data-settings=\"{&quot;background_background&quot;:&quot;classic&quot;,&quot;jet_parallax_layout_list&quot;:[]}\">\n\t\t\t\t\t<div class=\"e-con-inner\">\n\t\t<div class=\"elementor-element elementor-element-51fef76 e-con-full e-flex e-con e-child\" data-id=\"51fef76\" data-element_type=\"container\" data-settings=\"{&quot;jet_parallax_layout_list&quot;:[]}\">\n\t\t\t\t<div class=\"elementor-element elementor-element-208cf5f elementor-widget elementor-widget-heading\" data-id=\"208cf5f\" data-element_type=\"widget\" data-widget_type=\"heading.default\">\n\t\t\t\t<div class=\"elementor-widget-container\">\n\t\t\t\t\t<div class=\"elementor-heading-title elementor-size-default\">La web oficial de M\u00fanich para profesionales cualificados y j\u00f3venes talentos extranjeros.<\/div>\t\t\t\t<\/div>\n\t\t\t\t<\/div>\n\t\t\t\t<\/div>\n\t\t<div class=\"elementor-element elementor-element-ca6a577 e-con-full e-flex e-con e-child\" data-id=\"ca6a577\" data-element_type=\"container\" data-settings=\"{&quot;jet_parallax_layout_list&quot;:[]}\">\n\t\t\t\t<div class=\"elementor-element elementor-element-8b10eec elementor-widget-mobile__width-initial dce_masking-none elementor-widget elementor-widget-image\" data-id=\"8b10eec\" data-element_type=\"widget\" data-widget_type=\"image.default\">\n\t\t\t\t<div class=\"elementor-widget-container\">\n\t\t\t\t\t\t\t\t\t\t\t\t\t\t\t<img fetchpriority=\"high\" decoding=\"async\" width=\"640\" height=\"126\" src=\"https:\/\/www.make-it-in-munich.com\/wp-content\/uploads\/2024\/10\/cityofmunich.png\" class=\"attachment-large size-large wp-image-2452\" alt=\"\" srcset=\"\/\/www.make-it-in-munich.com\/wp-content\/uploads\/2024\/10\/cityofmunich.png 640w, \/\/www.make-it-in-munich.com\/wp-content\/uploads\/2024\/10\/cityofmunich-300x59.png 300w\" sizes=\"(max-width: 640px) 100vw, 640px\" \/>\t\t\t\t\t\t\t\t\t\t\t\t\t\t\t<\/div>\n\t\t\t\t<\/div>\n\t\t\t\t<\/div>\n\t\t\t\t\t<\/div>\n\t\t\t\t<\/div>\n\t\t<div data-dce-background-color=\"#FFFFFF\" class=\"elementor-element elementor-element-14a82c4 dc-has-condition dc-condition-equal e-flex e-con-boxed e-con e-parent\" data-id=\"14a82c4\" data-element_type=\"container\" data-settings=\"{&quot;background_background&quot;:&quot;classic&quot;,&quot;jet_parallax_layout_list&quot;:[]}\">\n\t\t\t\t\t<div class=\"e-con-inner\">\n\t\t\t\t<div class=\"elementor-element elementor-element-d8a398c elementor-widget elementor-widget-jet-breadcrumbs\" data-id=\"d8a398c\" data-element_type=\"widget\" data-widget_type=\"jet-breadcrumbs.default\">\n\t\t\t\t<div class=\"elementor-widget-container\">\n\t\t\t\t\t<div class=\"elementor-jet-breadcrumbs jet-blocks\">\n\t\t<div class=\"jet-breadcrumbs\">\n\t\t<div class=\"jet-breadcrumbs__content\">\n\t\t<div class=\"jet-breadcrumbs__wrap\"><div class=\"jet-breadcrumbs__item\"><a href=\"https:\/\/www.make-it-in-munich.com\/es\/\" class=\"jet-breadcrumbs__item-link is-home\" rel=\"home\" title=\"Home\">Home<\/a><\/div>\n\t\t<\/div>\n\t\t<\/div>\n\t\t<\/div><\/div>\t\t\t\t<\/div>\n\t\t\t\t<\/div>\n\t\t\t\t\t<\/div>\n\t\t\t\t<\/div>\n\t\t\t\t<\/div>\n\t\t\t\t<\/div>\n\t\t\t\t\t\t<\/div>\n\t\t\t\t<\/div>\n\t\t\t\t\t<\/div>\n\t\t\t\t<\/div>\n\t\t\t\t<\/div>\n\t\t","protected":false},"excerpt":{"rendered":"","protected":false},"author":1,"featured_media":0,"parent":0,"menu_order":3,"comment_status":"closed","ping_status":"closed","template":"","meta":{"_acf_changed":false,"footnotes":""},"class_list":["post-18155","page","type-page","status-publish","hentry"],"acf":[],"yoast_head":"<!-- This site is optimized with the Yoast SEO plugin v27.1.1 - https:\/\/yoast.com\/product\/yoast-seo-wordpress\/ -->\n<title>Vivir en M\u00fanich - Make it in Munich<\/title>\n<meta name=\"description\" content=\"M\u00fanich, en Alemania, ofrece incre\u00edbles oportunidades profesionales, salarios elevados y un nivel de vida muy deseable. Inf\u00f3rmate aqu\u00ed.\" \/>\n<meta name=\"robots\" content=\"index, follow, max-snippet:-1, max-image-preview:large, max-video-preview:-1\" \/>\n<link rel=\"canonical\" href=\"https:\/\/www.make-it-in-munich.com\/es\/vivir-en-munich\/\" \/>\n<meta property=\"og:locale\" content=\"es_ES\" \/>\n<meta property=\"og:type\" content=\"article\" \/>\n<meta property=\"og:title\" content=\"Vivir en M\u00fanich - Make it in Munich\" \/>\n<meta property=\"og:description\" content=\"M\u00fanich, en Alemania, ofrece incre\u00edbles oportunidades profesionales, salarios elevados y un nivel de vida muy deseable. Inf\u00f3rmate aqu\u00ed.\" \/>\n<meta property=\"og:url\" content=\"https:\/\/www.make-it-in-munich.com\/es\/vivir-en-munich\/\" \/>\n<meta property=\"og:site_name\" content=\"Make it in Munich\" \/>\n<meta property=\"article:modified_time\" content=\"2025-12-01T09:48:28+00:00\" \/>\n<meta name=\"twitter:card\" content=\"summary_large_image\" \/>\n<script type=\"application\/ld+json\" class=\"yoast-schema-graph\">{\"@context\":\"https:\/\/schema.org\",\"@graph\":[{\"@type\":\"WebPage\",\"@id\":\"https:\/\/www.make-it-in-munich.com\/es\/vivir-en-munich\/\",\"url\":\"https:\/\/www.make-it-in-munich.com\/es\/vivir-en-munich\/\",\"name\":\"Vivir en M\u00fanich - Make it in Munich\",\"isPartOf\":{\"@id\":\"https:\/\/www.make-it-in-munich.com\/es\/#website\"},\"datePublished\":\"2024-11-22T16:19:49+00:00\",\"dateModified\":\"2025-12-01T09:48:28+00:00\",\"description\":\"M\u00fanich, en Alemania, ofrece incre\u00edbles oportunidades profesionales, salarios elevados y un nivel de vida muy deseable. Inf\u00f3rmate aqu\u00ed.\",\"breadcrumb\":{\"@id\":\"https:\/\/www.make-it-in-munich.com\/es\/vivir-en-munich\/#breadcrumb\"},\"inLanguage\":\"es\",\"potentialAction\":[{\"@type\":\"ReadAction\",\"target\":[\"https:\/\/www.make-it-in-munich.com\/es\/vivir-en-munich\/\"]}]},{\"@type\":\"BreadcrumbList\",\"@id\":\"https:\/\/www.make-it-in-munich.com\/es\/vivir-en-munich\/#breadcrumb\",\"itemListElement\":[{\"@type\":\"ListItem\",\"position\":1,\"name\":\"Home\",\"item\":\"https:\/\/www.make-it-in-munich.com\/es\/\"},{\"@type\":\"ListItem\",\"position\":2,\"name\":\"Vivir en M\u00fanich\"}]},{\"@type\":\"WebSite\",\"@id\":\"https:\/\/www.make-it-in-munich.com\/es\/#website\",\"url\":\"https:\/\/www.make-it-in-munich.com\/es\/\",\"name\":\"Make it in Munich\",\"description\":\"\",\"publisher\":{\"@id\":\"https:\/\/www.make-it-in-munich.com\/es\/#organization\"},\"potentialAction\":[{\"@type\":\"SearchAction\",\"target\":{\"@type\":\"EntryPoint\",\"urlTemplate\":\"https:\/\/www.make-it-in-munich.com\/es\/?s={search_term_string}\"},\"query-input\":{\"@type\":\"PropertyValueSpecification\",\"valueRequired\":true,\"valueName\":\"search_term_string\"}}],\"inLanguage\":\"es\"},{\"@type\":\"Organization\",\"@id\":\"https:\/\/www.make-it-in-munich.com\/es\/#organization\",\"name\":\"Make it in Munich\",\"url\":\"https:\/\/www.make-it-in-munich.com\/es\/\",\"logo\":{\"@type\":\"ImageObject\",\"inLanguage\":\"es\",\"@id\":\"https:\/\/www.make-it-in-munich.com\/es\/#\/schema\/logo\/image\/\",\"url\":\"https:\/\/www.make-it-in-munich.com\/wp-content\/uploads\/2024\/07\/MiiM_Logo_color-black-transparent.png\",\"contentUrl\":\"https:\/\/www.make-it-in-munich.com\/wp-content\/uploads\/2024\/07\/MiiM_Logo_color-black-transparent.png\",\"width\":400,\"height\":132,\"caption\":\"Make it in Munich\"},\"image\":{\"@id\":\"https:\/\/www.make-it-in-munich.com\/es\/#\/schema\/logo\/image\/\"}}]}<\/script>\n<!-- \/ Yoast SEO plugin. -->","yoast_head_json":{"title":"Vivir en M\u00fanich - Make it in Munich","description":"M\u00fanich, en Alemania, ofrece incre\u00edbles oportunidades profesionales, salarios elevados y un nivel de vida muy deseable. Inf\u00f3rmate aqu\u00ed.","robots":{"index":"index","follow":"follow","max-snippet":"max-snippet:-1","max-image-preview":"max-image-preview:large","max-video-preview":"max-video-preview:-1"},"canonical":"https:\/\/www.make-it-in-munich.com\/es\/vivir-en-munich\/","og_locale":"es_ES","og_type":"article","og_title":"Vivir en M\u00fanich - Make it in Munich","og_description":"M\u00fanich, en Alemania, ofrece incre\u00edbles oportunidades profesionales, salarios elevados y un nivel de vida muy deseable. Inf\u00f3rmate aqu\u00ed.","og_url":"https:\/\/www.make-it-in-munich.com\/es\/vivir-en-munich\/","og_site_name":"Make it in Munich","article_modified_time":"2025-12-01T09:48:28+00:00","twitter_card":"summary_large_image","schema":{"@context":"https:\/\/schema.org","@graph":[{"@type":"WebPage","@id":"https:\/\/www.make-it-in-munich.com\/es\/vivir-en-munich\/","url":"https:\/\/www.make-it-in-munich.com\/es\/vivir-en-munich\/","name":"Vivir en M\u00fanich - Make it in Munich","isPartOf":{"@id":"https:\/\/www.make-it-in-munich.com\/es\/#website"},"datePublished":"2024-11-22T16:19:49+00:00","dateModified":"2025-12-01T09:48:28+00:00","description":"M\u00fanich, en Alemania, ofrece incre\u00edbles oportunidades profesionales, salarios elevados y un nivel de vida muy deseable. Inf\u00f3rmate aqu\u00ed.","breadcrumb":{"@id":"https:\/\/www.make-it-in-munich.com\/es\/vivir-en-munich\/#breadcrumb"},"inLanguage":"es","potentialAction":[{"@type":"ReadAction","target":["https:\/\/www.make-it-in-munich.com\/es\/vivir-en-munich\/"]}]},{"@type":"BreadcrumbList","@id":"https:\/\/www.make-it-in-munich.com\/es\/vivir-en-munich\/#breadcrumb","itemListElement":[{"@type":"ListItem","position":1,"name":"Home","item":"https:\/\/www.make-it-in-munich.com\/es\/"},{"@type":"ListItem","position":2,"name":"Vivir en M\u00fanich"}]},{"@type":"WebSite","@id":"https:\/\/www.make-it-in-munich.com\/es\/#website","url":"https:\/\/www.make-it-in-munich.com\/es\/","name":"Make it in Munich","description":"","publisher":{"@id":"https:\/\/www.make-it-in-munich.com\/es\/#organization"},"potentialAction":[{"@type":"SearchAction","target":{"@type":"EntryPoint","urlTemplate":"https:\/\/www.make-it-in-munich.com\/es\/?s={search_term_string}"},"query-input":{"@type":"PropertyValueSpecification","valueRequired":true,"valueName":"search_term_string"}}],"inLanguage":"es"},{"@type":"Organization","@id":"https:\/\/www.make-it-in-munich.com\/es\/#organization","name":"Make it in Munich","url":"https:\/\/www.make-it-in-munich.com\/es\/","logo":{"@type":"ImageObject","inLanguage":"es","@id":"https:\/\/www.make-it-in-munich.com\/es\/#\/schema\/logo\/image\/","url":"https:\/\/www.make-it-in-munich.com\/wp-content\/uploads\/2024\/07\/MiiM_Logo_color-black-transparent.png","contentUrl":"https:\/\/www.make-it-in-munich.com\/wp-content\/uploads\/2024\/07\/MiiM_Logo_color-black-transparent.png","width":400,"height":132,"caption":"Make it in Munich"},"image":{"@id":"https:\/\/www.make-it-in-munich.com\/es\/#\/schema\/logo\/image\/"}}]}},"_links":{"self":[{"href":"https:\/\/www.make-it-in-munich.com\/es\/wp-json\/wp\/v2\/pages\/18155","targetHints":{"allow":["GET"]}}],"collection":[{"href":"https:\/\/www.make-it-in-munich.com\/es\/wp-json\/wp\/v2\/pages"}],"about":[{"href":"https:\/\/www.make-it-in-munich.com\/es\/wp-json\/wp\/v2\/types\/page"}],"author":[{"embeddable":true,"href":"https:\/\/www.make-it-in-munich.com\/es\/wp-json\/wp\/v2\/users\/1"}],"replies":[{"embeddable":true,"href":"https:\/\/www.make-it-in-munich.com\/es\/wp-json\/wp\/v2\/comments?post=18155"}],"version-history":[{"count":1,"href":"https:\/\/www.make-it-in-munich.com\/es\/wp-json\/wp\/v2\/pages\/18155\/revisions"}],"predecessor-version":[{"id":18157,"href":"https:\/\/www.make-it-in-munich.com\/es\/wp-json\/wp\/v2\/pages\/18155\/revisions\/18157"}],"wp:attachment":[{"href":"https:\/\/www.make-it-in-munich.com\/es\/wp-json\/wp\/v2\/media?parent=18155"}],"curies":[{"name":"wp","href":"https:\/\/api.w.org\/{rel}","templated":true}]}}