{"id":14345,"date":"2024-11-20T23:45:45","date_gmt":"2024-11-20T23:45:45","guid":{"rendered":"https:\/\/www.make-it-in-munich.com\/newsletter\/"},"modified":"2025-09-04T14:40:02","modified_gmt":"2025-09-04T14:40:02","slug":"newsletter","status":"publish","type":"page","link":"https:\/\/www.make-it-in-munich.com\/de\/newsletter\/","title":{"rendered":"Newsletter"},"content":{"rendered":"\t\t<div data-elementor-type=\"wp-page\" data-elementor-id=\"14345\" class=\"elementor elementor-14345 elementor-3040\" data-elementor-post-type=\"page\">\n\t\t\t\t<div class=\"elementor-element elementor-element-9c7a2c5 e-con-full e-flex e-con e-parent\" data-id=\"9c7a2c5\" data-element_type=\"container\" data-e-type=\"container\" data-settings=\"{&quot;jet_parallax_layout_list&quot;:[]}\">\n\t\t\t\t<div class=\"elementor-element elementor-element-00f50ad elementor-widget elementor-widget-template\" data-id=\"00f50ad\" data-element_type=\"widget\" data-e-type=\"widget\" data-widget_type=\"template.default\">\n\t\t\t\t<div class=\"elementor-widget-container\">\n\t\t\t\t\t\t\t<div class=\"elementor-template\">\n\t\t\t\t\t<div data-elementor-type=\"container\" data-elementor-id=\"15163\" class=\"elementor elementor-15163 elementor-849 elementor-849\" data-elementor-post-type=\"elementor_library\">\n\t\t\t\t<div data-dce-background-overlay-color=\"#FFFFFF00\" data-dce-background-image-url=\"https:\/\/www.make-it-in-munich.com\/wp-content\/uploads\/2024\/11\/Munchen-mit-dem-Alpenpanorama-\u00a9-Munchen-Tourismus-Thomas-Klinger.jpg\" class=\"elementor-element elementor-element-7483461 e-flex e-con-boxed e-con e-parent\" data-id=\"7483461\" data-element_type=\"container\" data-e-type=\"container\" data-settings=\"{&quot;background_background&quot;:&quot;classic&quot;,&quot;jet_parallax_layout_list&quot;:[]}\">\n\t\t\t\t\t<div class=\"e-con-inner\">\n\t\t<!-- dce invisible element bf702fb -->\t\t<div class=\"elementor-element elementor-element-9a6f9f2 dc-has-condition dc-condition-equal elementor-widget elementor-widget-heading\" data-id=\"9a6f9f2\" data-element_type=\"widget\" data-e-type=\"widget\" data-settings=\"{&quot;enabled_visibility&quot;:&quot;yes&quot;,&quot;dce_visibility_selected&quot;:&quot;yes&quot;}\" data-widget_type=\"heading.default\">\n\t\t\t\t<div class=\"elementor-widget-container\">\n\t\t\t\t\t<h1 class=\"elementor-heading-title elementor-size-default\">Newsletter<\/h1>\t\t\t\t<\/div>\n\t\t\t\t<\/div>\n\t\t<!-- dce invisible element 40c1201 --><!-- dce invisible element a7fb9a5 --><!-- dce invisible element 3f7b06b --><!-- hidden container 14345-c3b6cdf --><!-- hidden container 14345-6cd63b6 -->\t\t\t<\/div>\n\t\t\t\t<\/div>\n\t\t<div data-dce-background-color=\"#FFCC00\" class=\"elementor-element elementor-element-c9e3898 elementor-hidden-tablet elementor-hidden-mobile e-flex e-con-boxed e-con e-parent\" data-id=\"c9e3898\" data-element_type=\"container\" data-e-type=\"container\" data-settings=\"{&quot;background_background&quot;:&quot;classic&quot;,&quot;jet_parallax_layout_list&quot;:[]}\">\n\t\t\t\t\t<div class=\"e-con-inner\">\n\t\t<div class=\"elementor-element elementor-element-c0241f3 e-con-full e-flex e-con e-child\" data-id=\"c0241f3\" data-element_type=\"container\" data-e-type=\"container\" data-settings=\"{&quot;jet_parallax_layout_list&quot;:[]}\">\n\t\t\t\t<div class=\"elementor-element elementor-element-259b8cf elementor-widget elementor-widget-heading\" data-id=\"259b8cf\" data-element_type=\"widget\" data-e-type=\"widget\" data-widget_type=\"heading.default\">\n\t\t\t\t<div class=\"elementor-widget-container\">\n\t\t\t\t\t<div class=\"elementor-heading-title elementor-size-default\">M\u00fcnchens offizielle Website f\u00fcr Fach- und Nachwuchskr\u00e4fte aus dem Ausland.<\/div>\t\t\t\t<\/div>\n\t\t\t\t<\/div>\n\t\t\t\t<\/div>\n\t\t<div class=\"elementor-element elementor-element-ad239f1 e-con-full e-flex e-con e-child\" data-id=\"ad239f1\" data-element_type=\"container\" data-e-type=\"container\" data-settings=\"{&quot;jet_parallax_layout_list&quot;:[]}\">\n\t\t\t\t<div class=\"elementor-element elementor-element-d0a3147 dce_masking-none elementor-widget elementor-widget-image\" data-id=\"d0a3147\" data-element_type=\"widget\" data-e-type=\"widget\" data-widget_type=\"image.default\">\n\t\t\t\t<div class=\"elementor-widget-container\">\n\t\t\t\t\t\t\t\t\t\t\t\t\t\t\t<img fetchpriority=\"high\" decoding=\"async\" width=\"800\" height=\"265\" src=\"https:\/\/www.make-it-in-munich.com\/wp-content\/uploads\/2024\/10\/raw-tp-1024x339.png\" class=\"attachment-large size-large wp-image-17752\" alt=\"\" srcset=\"\/\/www.make-it-in-munich.com\/wp-content\/uploads\/2024\/10\/raw-tp-1024x339.png 1024w, \/\/www.make-it-in-munich.com\/wp-content\/uploads\/2024\/10\/raw-tp-300x99.png 300w, \/\/www.make-it-in-munich.com\/wp-content\/uploads\/2024\/10\/raw-tp-768x254.png 768w, \/\/www.make-it-in-munich.com\/wp-content\/uploads\/2024\/10\/raw-tp.png 1108w\" sizes=\"(max-width: 800px) 100vw, 800px\" \/>\t\t\t\t\t\t\t\t\t\t\t\t\t\t\t<\/div>\n\t\t\t\t<\/div>\n\t\t\t\t<\/div>\n\t\t\t\t\t<\/div>\n\t\t\t\t<\/div>\n\t\t<div class=\"elementor-element elementor-element-8d2bc18 elementor-hidden-desktop elementor-hidden-laptop e-flex e-con-boxed e-con e-parent\" data-id=\"8d2bc18\" data-element_type=\"container\" data-e-type=\"container\" data-settings=\"{&quot;background_background&quot;:&quot;classic&quot;,&quot;jet_parallax_layout_list&quot;:[]}\">\n\t\t\t\t\t<div class=\"e-con-inner\">\n\t\t<div class=\"elementor-element elementor-element-51fef76 e-con-full e-flex e-con e-child\" data-id=\"51fef76\" data-element_type=\"container\" data-e-type=\"container\" data-settings=\"{&quot;jet_parallax_layout_list&quot;:[]}\">\n\t\t\t\t<div class=\"elementor-element elementor-element-208cf5f elementor-widget elementor-widget-heading\" data-id=\"208cf5f\" data-element_type=\"widget\" data-e-type=\"widget\" data-widget_type=\"heading.default\">\n\t\t\t\t<div class=\"elementor-widget-container\">\n\t\t\t\t\t<div class=\"elementor-heading-title elementor-size-default\">M\u00fcnchens offizielle Website f\u00fcr Fach- und Nachwuchskr\u00e4fte aus dem Ausland.<\/div>\t\t\t\t<\/div>\n\t\t\t\t<\/div>\n\t\t\t\t<\/div>\n\t\t<div class=\"elementor-element elementor-element-ca6a577 e-con-full e-flex e-con e-child\" data-id=\"ca6a577\" data-element_type=\"container\" data-e-type=\"container\" data-settings=\"{&quot;jet_parallax_layout_list&quot;:[]}\">\n\t\t\t\t<div class=\"elementor-element elementor-element-8b10eec elementor-widget-mobile__width-initial dce_masking-none elementor-widget elementor-widget-image\" data-id=\"8b10eec\" data-element_type=\"widget\" data-e-type=\"widget\" data-widget_type=\"image.default\">\n\t\t\t\t<div class=\"elementor-widget-container\">\n\t\t\t\t\t\t\t\t\t\t\t\t\t\t\t<img fetchpriority=\"high\" decoding=\"async\" width=\"800\" height=\"265\" src=\"https:\/\/www.make-it-in-munich.com\/wp-content\/uploads\/2024\/10\/raw-tp-1024x339.png\" class=\"attachment-large size-large wp-image-17752\" alt=\"\" srcset=\"\/\/www.make-it-in-munich.com\/wp-content\/uploads\/2024\/10\/raw-tp-1024x339.png 1024w, \/\/www.make-it-in-munich.com\/wp-content\/uploads\/2024\/10\/raw-tp-300x99.png 300w, \/\/www.make-it-in-munich.com\/wp-content\/uploads\/2024\/10\/raw-tp-768x254.png 768w, \/\/www.make-it-in-munich.com\/wp-content\/uploads\/2024\/10\/raw-tp.png 1108w\" sizes=\"(max-width: 800px) 100vw, 800px\" \/>\t\t\t\t\t\t\t\t\t\t\t\t\t\t\t<\/div>\n\t\t\t\t<\/div>\n\t\t\t\t<\/div>\n\t\t\t\t\t<\/div>\n\t\t\t\t<\/div>\n\t\t<div data-dce-background-color=\"#FFFFFF\" class=\"elementor-element elementor-element-14a82c4 dc-has-condition dc-condition-equal e-flex e-con-boxed e-con e-parent\" data-id=\"14a82c4\" data-element_type=\"container\" data-e-type=\"container\" data-settings=\"{&quot;background_background&quot;:&quot;classic&quot;,&quot;jet_parallax_layout_list&quot;:[]}\">\n\t\t\t\t\t<div class=\"e-con-inner\">\n\t\t\t\t<div class=\"elementor-element elementor-element-d8a398c elementor-widget elementor-widget-jet-breadcrumbs\" data-id=\"d8a398c\" data-element_type=\"widget\" data-e-type=\"widget\" data-widget_type=\"jet-breadcrumbs.default\">\n\t\t\t\t<div class=\"elementor-widget-container\">\n\t\t\t\t\t<div class=\"elementor-jet-breadcrumbs jet-blocks\">\n\t\t<div class=\"jet-breadcrumbs\">\n\t\t<div class=\"jet-breadcrumbs__content\">\n\t\t<div class=\"jet-breadcrumbs__wrap\"><div class=\"jet-breadcrumbs__item\"><a href=\"https:\/\/www.make-it-in-munich.com\/de\/\" class=\"jet-breadcrumbs__item-link is-home\" rel=\"home\" title=\"Home\">Home<\/a><\/div>\n\t\t<\/div>\n\t\t<\/div>\n\t\t<\/div><\/div>\t\t\t\t<\/div>\n\t\t\t\t<\/div>\n\t\t\t\t\t<\/div>\n\t\t\t\t<\/div>\n\t\t\t\t<\/div>\n\t\t\t\t<\/div>\n\t\t\t\t\t\t<\/div>\n\t\t\t\t<\/div>\n\t\t\t\t<\/div>\n\t\t<div class=\"elementor-element elementor-element-42d5fb6 e-con-full e-flex e-con e-parent\" data-id=\"42d5fb6\" data-element_type=\"container\" data-e-type=\"container\" data-settings=\"{&quot;jet_parallax_layout_list&quot;:[]}\">\n\t\t\t\t<div class=\"elementor-element elementor-element-105c069 elementor-widget__width-initial miim-form elementor-widget elementor-widget-ws-form\" data-id=\"105c069\" data-element_type=\"widget\" data-e-type=\"widget\" data-widget_type=\"ws-form.default\">\n\t\t\t\t<div class=\"elementor-widget-container\">\n\t\t\t\t\t<form action=\"https:\/\/www.make-it-in-munich.com\/de\/wp-json\/ws-form\/v1\/submit\" class=\"wsf-form wsf-form-canvas\" id=\"ws-form-1\" data-id=\"5\"  data-instance-id=\"1\"  method=\"POST\" data-wsf-style-id=\"1\"><\/form>\t\t\t\t<\/div>\n\t\t\t\t<\/div>\n\t\t\t\t<\/div>\n\t\t\t\t<\/div>\n\t\t","protected":false},"excerpt":{"rendered":"","protected":false},"author":9,"featured_media":4622,"parent":0,"menu_order":11,"comment_status":"closed","ping_status":"closed","template":"","meta":{"_acf_changed":false,"footnotes":""},"class_list":["post-14345","page","type-page","status-publish","has-post-thumbnail","hentry"],"acf":[],"yoast_head":"<!-- This site is optimized with the Yoast SEO plugin v27.4 - https:\/\/yoast.com\/product\/yoast-seo-wordpress\/ -->\n<title>Newsletter - Make it in Munich<\/title>\n<meta name=\"robots\" content=\"index, follow, max-snippet:-1, max-image-preview:large, max-video-preview:-1\" \/>\n<link rel=\"canonical\" href=\"https:\/\/www.make-it-in-munich.com\/de\/newsletter\/\" \/>\n<meta property=\"og:locale\" content=\"de_DE\" \/>\n<meta property=\"og:type\" content=\"article\" \/>\n<meta property=\"og:title\" content=\"Newsletter - Make it in Munich\" \/>\n<meta property=\"og:url\" content=\"https:\/\/www.make-it-in-munich.com\/de\/newsletter\/\" \/>\n<meta property=\"og:site_name\" content=\"Make it in Munich\" \/>\n<meta property=\"article:modified_time\" content=\"2025-09-04T14:40:02+00:00\" \/>\n<meta property=\"og:image\" content=\"https:\/\/www.make-it-in-munich.com\/wp-content\/uploads\/2024\/11\/Munchen-mit-dem-Alpenpanorama-\u00a9-Munchen-Tourismus-Thomas-Klinger.jpg\" \/>\n\t<meta property=\"og:image:width\" content=\"1500\" \/>\n\t<meta property=\"og:image:height\" content=\"1080\" \/>\n\t<meta property=\"og:image:type\" content=\"image\/jpeg\" \/>\n<meta name=\"twitter:card\" content=\"summary_large_image\" \/>\n<meta name=\"twitter:label1\" content=\"Gesch\u00e4tzte Lesezeit\" \/>\n\t<meta name=\"twitter:data1\" content=\"4\u00a0Minuten\" \/>\n<script type=\"application\/ld+json\" class=\"yoast-schema-graph\">{\"@context\":\"https:\\\/\\\/schema.org\",\"@graph\":[{\"@type\":\"WebPage\",\"@id\":\"https:\\\/\\\/www.make-it-in-munich.com\\\/de\\\/newsletter\\\/\",\"url\":\"https:\\\/\\\/www.make-it-in-munich.com\\\/de\\\/newsletter\\\/\",\"name\":\"Newsletter - Make it in Munich\",\"isPartOf\":{\"@id\":\"https:\\\/\\\/www.make-it-in-munich.com\\\/de\\\/#website\"},\"primaryImageOfPage\":{\"@id\":\"https:\\\/\\\/www.make-it-in-munich.com\\\/de\\\/newsletter\\\/#primaryimage\"},\"image\":{\"@id\":\"https:\\\/\\\/www.make-it-in-munich.com\\\/de\\\/newsletter\\\/#primaryimage\"},\"thumbnailUrl\":\"https:\\\/\\\/www.make-it-in-munich.com\\\/wp-content\\\/uploads\\\/2024\\\/11\\\/Munchen-mit-dem-Alpenpanorama-\u00a9-Munchen-Tourismus-Thomas-Klinger.jpg\",\"datePublished\":\"2024-11-20T23:45:45+00:00\",\"dateModified\":\"2025-09-04T14:40:02+00:00\",\"breadcrumb\":{\"@id\":\"https:\\\/\\\/www.make-it-in-munich.com\\\/de\\\/newsletter\\\/#breadcrumb\"},\"inLanguage\":\"de\",\"potentialAction\":[{\"@type\":\"ReadAction\",\"target\":[\"https:\\\/\\\/www.make-it-in-munich.com\\\/de\\\/newsletter\\\/\"]}]},{\"@type\":\"ImageObject\",\"inLanguage\":\"de\",\"@id\":\"https:\\\/\\\/www.make-it-in-munich.com\\\/de\\\/newsletter\\\/#primaryimage\",\"url\":\"https:\\\/\\\/www.make-it-in-munich.com\\\/wp-content\\\/uploads\\\/2024\\\/11\\\/Munchen-mit-dem-Alpenpanorama-\u00a9-Munchen-Tourismus-Thomas-Klinger.jpg\",\"contentUrl\":\"https:\\\/\\\/www.make-it-in-munich.com\\\/wp-content\\\/uploads\\\/2024\\\/11\\\/Munchen-mit-dem-Alpenpanorama-\u00a9-Munchen-Tourismus-Thomas-Klinger.jpg\",\"width\":1500,\"height\":1080,\"caption\":\"Der Blick von der Ludwigskirche \u00fcber den Odeonsplatz, die Theatiner- und Frauenkirche auf das Panorama der Alpen. Rechts neben der Frauenkirche ist die Zugspitze zu erkennen, der h\u00f6chste Gipfel Deutschlands. The view from the Ludwigskirche over the Odeonsplatz, the Theatiner- and Frauenkirche to the panorama of the Alps. The Zugspitze, the highest peak in Germany, can be seen to the right of the Frauenkirche.\"},{\"@type\":\"BreadcrumbList\",\"@id\":\"https:\\\/\\\/www.make-it-in-munich.com\\\/de\\\/newsletter\\\/#breadcrumb\",\"itemListElement\":[{\"@type\":\"ListItem\",\"position\":1,\"name\":\"Home\",\"item\":\"https:\\\/\\\/www.make-it-in-munich.com\\\/de\\\/\"},{\"@type\":\"ListItem\",\"position\":2,\"name\":\"Newsletter\"}]},{\"@type\":\"WebSite\",\"@id\":\"https:\\\/\\\/www.make-it-in-munich.com\\\/de\\\/#website\",\"url\":\"https:\\\/\\\/www.make-it-in-munich.com\\\/de\\\/\",\"name\":\"Make it in Munich\",\"description\":\"\",\"potentialAction\":[{\"@type\":\"SearchAction\",\"target\":{\"@type\":\"EntryPoint\",\"urlTemplate\":\"https:\\\/\\\/www.make-it-in-munich.com\\\/de\\\/?s={search_term_string}\"},\"query-input\":{\"@type\":\"PropertyValueSpecification\",\"valueRequired\":true,\"valueName\":\"search_term_string\"}}],\"inLanguage\":\"de\"}]}<\/script>\n<!-- \/ Yoast SEO plugin. -->","yoast_head_json":{"title":"Newsletter - Make it in Munich","robots":{"index":"index","follow":"follow","max-snippet":"max-snippet:-1","max-image-preview":"max-image-preview:large","max-video-preview":"max-video-preview:-1"},"canonical":"https:\/\/www.make-it-in-munich.com\/de\/newsletter\/","og_locale":"de_DE","og_type":"article","og_title":"Newsletter - Make it in Munich","og_url":"https:\/\/www.make-it-in-munich.com\/de\/newsletter\/","og_site_name":"Make it in Munich","article_modified_time":"2025-09-04T14:40:02+00:00","og_image":[{"width":1500,"height":1080,"url":"https:\/\/www.make-it-in-munich.com\/wp-content\/uploads\/2024\/11\/Munchen-mit-dem-Alpenpanorama-\u00a9-Munchen-Tourismus-Thomas-Klinger.jpg","type":"image\/jpeg"}],"twitter_card":"summary_large_image","twitter_misc":{"Gesch\u00e4tzte Lesezeit":"4\u00a0Minuten"},"schema":{"@context":"https:\/\/schema.org","@graph":[{"@type":"WebPage","@id":"https:\/\/www.make-it-in-munich.com\/de\/newsletter\/","url":"https:\/\/www.make-it-in-munich.com\/de\/newsletter\/","name":"Newsletter - Make it in Munich","isPartOf":{"@id":"https:\/\/www.make-it-in-munich.com\/de\/#website"},"primaryImageOfPage":{"@id":"https:\/\/www.make-it-in-munich.com\/de\/newsletter\/#primaryimage"},"image":{"@id":"https:\/\/www.make-it-in-munich.com\/de\/newsletter\/#primaryimage"},"thumbnailUrl":"https:\/\/www.make-it-in-munich.com\/wp-content\/uploads\/2024\/11\/Munchen-mit-dem-Alpenpanorama-\u00a9-Munchen-Tourismus-Thomas-Klinger.jpg","datePublished":"2024-11-20T23:45:45+00:00","dateModified":"2025-09-04T14:40:02+00:00","breadcrumb":{"@id":"https:\/\/www.make-it-in-munich.com\/de\/newsletter\/#breadcrumb"},"inLanguage":"de","potentialAction":[{"@type":"ReadAction","target":["https:\/\/www.make-it-in-munich.com\/de\/newsletter\/"]}]},{"@type":"ImageObject","inLanguage":"de","@id":"https:\/\/www.make-it-in-munich.com\/de\/newsletter\/#primaryimage","url":"https:\/\/www.make-it-in-munich.com\/wp-content\/uploads\/2024\/11\/Munchen-mit-dem-Alpenpanorama-\u00a9-Munchen-Tourismus-Thomas-Klinger.jpg","contentUrl":"https:\/\/www.make-it-in-munich.com\/wp-content\/uploads\/2024\/11\/Munchen-mit-dem-Alpenpanorama-\u00a9-Munchen-Tourismus-Thomas-Klinger.jpg","width":1500,"height":1080,"caption":"Der Blick von der Ludwigskirche \u00fcber den Odeonsplatz, die Theatiner- und Frauenkirche auf das Panorama der Alpen. Rechts neben der Frauenkirche ist die Zugspitze zu erkennen, der h\u00f6chste Gipfel Deutschlands. The view from the Ludwigskirche over the Odeonsplatz, the Theatiner- and Frauenkirche to the panorama of the Alps. The Zugspitze, the highest peak in Germany, can be seen to the right of the Frauenkirche."},{"@type":"BreadcrumbList","@id":"https:\/\/www.make-it-in-munich.com\/de\/newsletter\/#breadcrumb","itemListElement":[{"@type":"ListItem","position":1,"name":"Home","item":"https:\/\/www.make-it-in-munich.com\/de\/"},{"@type":"ListItem","position":2,"name":"Newsletter"}]},{"@type":"WebSite","@id":"https:\/\/www.make-it-in-munich.com\/de\/#website","url":"https:\/\/www.make-it-in-munich.com\/de\/","name":"Make it in Munich","description":"","potentialAction":[{"@type":"SearchAction","target":{"@type":"EntryPoint","urlTemplate":"https:\/\/www.make-it-in-munich.com\/de\/?s={search_term_string}"},"query-input":{"@type":"PropertyValueSpecification","valueRequired":true,"valueName":"search_term_string"}}],"inLanguage":"de"}]}},"_links":{"self":[{"href":"https:\/\/www.make-it-in-munich.com\/de\/wp-json\/wp\/v2\/pages\/14345","targetHints":{"allow":["GET"]}}],"collection":[{"href":"https:\/\/www.make-it-in-munich.com\/de\/wp-json\/wp\/v2\/pages"}],"about":[{"href":"https:\/\/www.make-it-in-munich.com\/de\/wp-json\/wp\/v2\/types\/page"}],"author":[{"embeddable":true,"href":"https:\/\/www.make-it-in-munich.com\/de\/wp-json\/wp\/v2\/users\/9"}],"replies":[{"embeddable":true,"href":"https:\/\/www.make-it-in-munich.com\/de\/wp-json\/wp\/v2\/comments?post=14345"}],"version-history":[{"count":4,"href":"https:\/\/www.make-it-in-munich.com\/de\/wp-json\/wp\/v2\/pages\/14345\/revisions"}],"predecessor-version":[{"id":17736,"href":"https:\/\/www.make-it-in-munich.com\/de\/wp-json\/wp\/v2\/pages\/14345\/revisions\/17736"}],"wp:featuredmedia":[{"embeddable":true,"href":"https:\/\/www.make-it-in-munich.com\/de\/wp-json\/wp\/v2\/media\/4622"}],"wp:attachment":[{"href":"https:\/\/www.make-it-in-munich.com\/de\/wp-json\/wp\/v2\/media?parent=14345"}],"curies":[{"name":"wp","href":"https:\/\/api.w.org\/{rel}","templated":true}]}}