{"id":14331,"date":"2025-02-05T12:55:50","date_gmt":"2025-02-05T12:55:50","guid":{"rendered":"https:\/\/www.make-it-in-munich.com\/arbeit-und-studium\/"},"modified":"2025-07-07T12:17:25","modified_gmt":"2025-07-07T12:17:25","slug":"arbeit-und-studium","status":"publish","type":"page","link":"https:\/\/www.make-it-in-munich.com\/de\/arbeit-und-studium\/","title":{"rendered":"Arbeit und Studium"},"content":{"rendered":"\t\t<div data-elementor-type=\"wp-page\" data-elementor-id=\"14331\" class=\"elementor elementor-14331 elementor-10443\" data-elementor-post-type=\"page\">\n\t\t\t\t<div class=\"elementor-element elementor-element-8b76c29 e-flex e-con-boxed e-con e-parent\" data-id=\"8b76c29\" data-element_type=\"container\" data-e-type=\"container\" data-settings=\"{&quot;jet_parallax_layout_list&quot;:[]}\">\n\t\t\t\t\t<div class=\"e-con-inner\">\n\t\t\t\t<div class=\"elementor-element elementor-element-b512a57 elementor-widget elementor-widget-template\" data-id=\"b512a57\" data-element_type=\"widget\" data-e-type=\"widget\" data-widget_type=\"template.default\">\n\t\t\t\t<div class=\"elementor-widget-container\">\n\t\t\t\t\t\t\t<div class=\"elementor-template\">\n\t\t\t\t\t<div data-elementor-type=\"container\" data-elementor-id=\"15163\" class=\"elementor elementor-15163 elementor-849 elementor-849\" data-elementor-post-type=\"elementor_library\">\n\t\t\t\t<div data-dce-background-overlay-color=\"#FFFFFF00\" data-dce-background-image-url=\"https:\/\/www.make-it-in-munich.com\/wp-content\/uploads\/2025\/06\/Panorama-Stachus-\u00a9-Munchen-Tourismus-Joerg-Lutz-scaled-1-e1749763489686.jpg\" class=\"elementor-element elementor-element-7483461 e-flex e-con-boxed e-con e-parent\" data-id=\"7483461\" data-element_type=\"container\" data-e-type=\"container\" data-settings=\"{&quot;background_background&quot;:&quot;classic&quot;,&quot;jet_parallax_layout_list&quot;:[]}\">\n\t\t\t\t\t<div class=\"e-con-inner\">\n\t\t<!-- dce invisible element bf702fb -->\t\t<div class=\"elementor-element elementor-element-9a6f9f2 dc-has-condition dc-condition-equal elementor-widget elementor-widget-heading\" data-id=\"9a6f9f2\" data-element_type=\"widget\" data-e-type=\"widget\" data-settings=\"{&quot;enabled_visibility&quot;:&quot;yes&quot;,&quot;dce_visibility_selected&quot;:&quot;yes&quot;}\" data-widget_type=\"heading.default\">\n\t\t\t\t<div class=\"elementor-widget-container\">\n\t\t\t\t\t<h1 class=\"elementor-heading-title elementor-size-default\">Arbeit und Studium<\/h1>\t\t\t\t<\/div>\n\t\t\t\t<\/div>\n\t\t<!-- dce invisible element 40c1201 --><!-- dce invisible element a7fb9a5 --><!-- dce invisible element 3f7b06b --><!-- hidden container 14331-c3b6cdf --><!-- hidden container 14331-6cd63b6 -->\t\t\t<\/div>\n\t\t\t\t<\/div>\n\t\t<div data-dce-background-color=\"#FFCC00\" class=\"elementor-element elementor-element-c9e3898 elementor-hidden-tablet elementor-hidden-mobile e-flex e-con-boxed e-con e-parent\" data-id=\"c9e3898\" data-element_type=\"container\" data-e-type=\"container\" data-settings=\"{&quot;background_background&quot;:&quot;classic&quot;,&quot;jet_parallax_layout_list&quot;:[]}\">\n\t\t\t\t\t<div class=\"e-con-inner\">\n\t\t<div class=\"elementor-element elementor-element-c0241f3 e-con-full e-flex e-con e-child\" data-id=\"c0241f3\" data-element_type=\"container\" data-e-type=\"container\" data-settings=\"{&quot;jet_parallax_layout_list&quot;:[]}\">\n\t\t\t\t<div class=\"elementor-element elementor-element-259b8cf elementor-widget elementor-widget-heading\" data-id=\"259b8cf\" data-element_type=\"widget\" data-e-type=\"widget\" data-widget_type=\"heading.default\">\n\t\t\t\t<div class=\"elementor-widget-container\">\n\t\t\t\t\t<div class=\"elementor-heading-title elementor-size-default\">M\u00fcnchens offizielle Website f\u00fcr Fach- und Nachwuchskr\u00e4fte aus dem Ausland.<\/div>\t\t\t\t<\/div>\n\t\t\t\t<\/div>\n\t\t\t\t<\/div>\n\t\t<div class=\"elementor-element elementor-element-ad239f1 e-con-full e-flex e-con e-child\" data-id=\"ad239f1\" data-element_type=\"container\" data-e-type=\"container\" data-settings=\"{&quot;jet_parallax_layout_list&quot;:[]}\">\n\t\t\t\t<div class=\"elementor-element elementor-element-d0a3147 dce_masking-none elementor-widget elementor-widget-image\" data-id=\"d0a3147\" data-element_type=\"widget\" data-e-type=\"widget\" data-widget_type=\"image.default\">\n\t\t\t\t<div class=\"elementor-widget-container\">\n\t\t\t\t\t\t\t\t\t\t\t\t\t\t\t<img fetchpriority=\"high\" decoding=\"async\" width=\"800\" height=\"265\" src=\"https:\/\/www.make-it-in-munich.com\/wp-content\/uploads\/2024\/10\/raw-tp-1024x339.png\" class=\"attachment-large size-large wp-image-17752\" alt=\"\" srcset=\"\/\/www.make-it-in-munich.com\/wp-content\/uploads\/2024\/10\/raw-tp-1024x339.png 1024w, \/\/www.make-it-in-munich.com\/wp-content\/uploads\/2024\/10\/raw-tp-300x99.png 300w, \/\/www.make-it-in-munich.com\/wp-content\/uploads\/2024\/10\/raw-tp-768x254.png 768w, \/\/www.make-it-in-munich.com\/wp-content\/uploads\/2024\/10\/raw-tp.png 1108w\" sizes=\"(max-width: 800px) 100vw, 800px\" \/>\t\t\t\t\t\t\t\t\t\t\t\t\t\t\t<\/div>\n\t\t\t\t<\/div>\n\t\t\t\t<\/div>\n\t\t\t\t\t<\/div>\n\t\t\t\t<\/div>\n\t\t<div class=\"elementor-element elementor-element-8d2bc18 elementor-hidden-desktop elementor-hidden-laptop e-flex e-con-boxed e-con e-parent\" data-id=\"8d2bc18\" data-element_type=\"container\" data-e-type=\"container\" data-settings=\"{&quot;background_background&quot;:&quot;classic&quot;,&quot;jet_parallax_layout_list&quot;:[]}\">\n\t\t\t\t\t<div class=\"e-con-inner\">\n\t\t<div class=\"elementor-element elementor-element-51fef76 e-con-full e-flex e-con e-child\" data-id=\"51fef76\" data-element_type=\"container\" data-e-type=\"container\" data-settings=\"{&quot;jet_parallax_layout_list&quot;:[]}\">\n\t\t\t\t<div class=\"elementor-element elementor-element-208cf5f elementor-widget elementor-widget-heading\" data-id=\"208cf5f\" data-element_type=\"widget\" data-e-type=\"widget\" data-widget_type=\"heading.default\">\n\t\t\t\t<div class=\"elementor-widget-container\">\n\t\t\t\t\t<div class=\"elementor-heading-title elementor-size-default\">M\u00fcnchens offizielle Website f\u00fcr Fach- und Nachwuchskr\u00e4fte aus dem Ausland.<\/div>\t\t\t\t<\/div>\n\t\t\t\t<\/div>\n\t\t\t\t<\/div>\n\t\t<div class=\"elementor-element elementor-element-ca6a577 e-con-full e-flex e-con e-child\" data-id=\"ca6a577\" data-element_type=\"container\" data-e-type=\"container\" data-settings=\"{&quot;jet_parallax_layout_list&quot;:[]}\">\n\t\t\t\t<div class=\"elementor-element elementor-element-8b10eec elementor-widget-mobile__width-initial dce_masking-none elementor-widget elementor-widget-image\" data-id=\"8b10eec\" data-element_type=\"widget\" data-e-type=\"widget\" data-widget_type=\"image.default\">\n\t\t\t\t<div class=\"elementor-widget-container\">\n\t\t\t\t\t\t\t\t\t\t\t\t\t\t\t<img fetchpriority=\"high\" decoding=\"async\" width=\"800\" height=\"265\" src=\"https:\/\/www.make-it-in-munich.com\/wp-content\/uploads\/2024\/10\/raw-tp-1024x339.png\" class=\"attachment-large size-large wp-image-17752\" alt=\"\" srcset=\"\/\/www.make-it-in-munich.com\/wp-content\/uploads\/2024\/10\/raw-tp-1024x339.png 1024w, \/\/www.make-it-in-munich.com\/wp-content\/uploads\/2024\/10\/raw-tp-300x99.png 300w, \/\/www.make-it-in-munich.com\/wp-content\/uploads\/2024\/10\/raw-tp-768x254.png 768w, \/\/www.make-it-in-munich.com\/wp-content\/uploads\/2024\/10\/raw-tp.png 1108w\" sizes=\"(max-width: 800px) 100vw, 800px\" \/>\t\t\t\t\t\t\t\t\t\t\t\t\t\t\t<\/div>\n\t\t\t\t<\/div>\n\t\t\t\t<\/div>\n\t\t\t\t\t<\/div>\n\t\t\t\t<\/div>\n\t\t<div data-dce-background-color=\"#FFFFFF\" class=\"elementor-element elementor-element-14a82c4 dc-has-condition dc-condition-equal e-flex e-con-boxed e-con e-parent\" data-id=\"14a82c4\" data-element_type=\"container\" data-e-type=\"container\" data-settings=\"{&quot;background_background&quot;:&quot;classic&quot;,&quot;jet_parallax_layout_list&quot;:[]}\">\n\t\t\t\t\t<div class=\"e-con-inner\">\n\t\t\t\t<div class=\"elementor-element elementor-element-d8a398c elementor-widget elementor-widget-jet-breadcrumbs\" data-id=\"d8a398c\" data-element_type=\"widget\" data-e-type=\"widget\" data-widget_type=\"jet-breadcrumbs.default\">\n\t\t\t\t<div class=\"elementor-widget-container\">\n\t\t\t\t\t<div class=\"elementor-jet-breadcrumbs jet-blocks\">\n\t\t<div class=\"jet-breadcrumbs\">\n\t\t<div class=\"jet-breadcrumbs__content\">\n\t\t<div class=\"jet-breadcrumbs__wrap\"><div class=\"jet-breadcrumbs__item\"><a href=\"https:\/\/www.make-it-in-munich.com\/de\/\" class=\"jet-breadcrumbs__item-link is-home\" rel=\"home\" title=\"Home\">Home<\/a><\/div>\n\t\t<\/div>\n\t\t<\/div>\n\t\t<\/div><\/div>\t\t\t\t<\/div>\n\t\t\t\t<\/div>\n\t\t\t\t\t<\/div>\n\t\t\t\t<\/div>\n\t\t\t\t<\/div>\n\t\t\t\t<\/div>\n\t\t\t\t\t\t<\/div>\n\t\t\t\t<\/div>\n\t\t\t\t\t<\/div>\n\t\t\t\t<\/div>\n\t\t\t\t<\/div>\n\t\t","protected":false},"excerpt":{"rendered":"","protected":false},"author":1,"featured_media":0,"parent":0,"menu_order":18,"comment_status":"closed","ping_status":"closed","template":"","meta":{"_acf_changed":false,"footnotes":""},"class_list":["post-14331","page","type-page","status-publish","hentry"],"acf":[],"yoast_head":"<!-- This site is optimized with the Yoast SEO plugin v27.4 - https:\/\/yoast.com\/product\/yoast-seo-wordpress\/ -->\n<title>Finden Sie Arbeit in M\u00fcnchen, Deutschland<\/title>\n<meta name=\"description\" content=\"Sind Sie auf der Suche nach einem Job in M\u00fcnchen? Erfahren Sie auf diesen Seiten von \u201eMake it in Munich\u201c alles \u00fcber Steuern und Gehalt, welche Berufe gefragt sind, die Arbeitsbedingungen, wie Sie sich bewerben und mehr.\" \/>\n<meta name=\"robots\" content=\"index, follow, max-snippet:-1, max-image-preview:large, max-video-preview:-1\" \/>\n<link rel=\"canonical\" href=\"https:\/\/www.make-it-in-munich.com\/de\/arbeit-und-studium\/\" \/>\n<meta property=\"og:locale\" content=\"de_DE\" \/>\n<meta property=\"og:type\" content=\"article\" \/>\n<meta property=\"og:title\" content=\"Finden Sie Arbeit in M\u00fcnchen, Deutschland\" \/>\n<meta property=\"og:description\" content=\"Sind Sie auf der Suche nach einem Job in M\u00fcnchen? Erfahren Sie auf diesen Seiten von \u201eMake it in Munich\u201c alles \u00fcber Steuern und Gehalt, welche Berufe gefragt sind, die Arbeitsbedingungen, wie Sie sich bewerben und mehr.\" \/>\n<meta property=\"og:url\" content=\"https:\/\/www.make-it-in-munich.com\/de\/arbeit-und-studium\/\" \/>\n<meta property=\"og:site_name\" content=\"Make it in Munich\" \/>\n<meta property=\"article:modified_time\" content=\"2025-07-07T12:17:25+00:00\" \/>\n<meta name=\"twitter:card\" content=\"summary_large_image\" \/>\n<script type=\"application\/ld+json\" class=\"yoast-schema-graph\">{\"@context\":\"https:\\\/\\\/schema.org\",\"@graph\":[{\"@type\":\"WebPage\",\"@id\":\"https:\\\/\\\/www.make-it-in-munich.com\\\/de\\\/arbeit-und-studium\\\/\",\"url\":\"https:\\\/\\\/www.make-it-in-munich.com\\\/de\\\/arbeit-und-studium\\\/\",\"name\":\"Finden Sie Arbeit in M\u00fcnchen, Deutschland\",\"isPartOf\":{\"@id\":\"https:\\\/\\\/www.make-it-in-munich.com\\\/de\\\/#website\"},\"datePublished\":\"2025-02-05T12:55:50+00:00\",\"dateModified\":\"2025-07-07T12:17:25+00:00\",\"description\":\"Sind Sie auf der Suche nach einem Job in M\u00fcnchen? Erfahren Sie auf diesen Seiten von \u201eMake it in Munich\u201c alles \u00fcber Steuern und Gehalt, welche Berufe gefragt sind, die Arbeitsbedingungen, wie Sie sich bewerben und mehr.\",\"breadcrumb\":{\"@id\":\"https:\\\/\\\/www.make-it-in-munich.com\\\/de\\\/arbeit-und-studium\\\/#breadcrumb\"},\"inLanguage\":\"de\",\"potentialAction\":[{\"@type\":\"ReadAction\",\"target\":[\"https:\\\/\\\/www.make-it-in-munich.com\\\/de\\\/arbeit-und-studium\\\/\"]}]},{\"@type\":\"BreadcrumbList\",\"@id\":\"https:\\\/\\\/www.make-it-in-munich.com\\\/de\\\/arbeit-und-studium\\\/#breadcrumb\",\"itemListElement\":[{\"@type\":\"ListItem\",\"position\":1,\"name\":\"Home\",\"item\":\"https:\\\/\\\/www.make-it-in-munich.com\\\/de\\\/\"},{\"@type\":\"ListItem\",\"position\":2,\"name\":\"Arbeit und Studium\"}]},{\"@type\":\"WebSite\",\"@id\":\"https:\\\/\\\/www.make-it-in-munich.com\\\/de\\\/#website\",\"url\":\"https:\\\/\\\/www.make-it-in-munich.com\\\/de\\\/\",\"name\":\"Make it in Munich\",\"description\":\"\",\"potentialAction\":[{\"@type\":\"SearchAction\",\"target\":{\"@type\":\"EntryPoint\",\"urlTemplate\":\"https:\\\/\\\/www.make-it-in-munich.com\\\/de\\\/?s={search_term_string}\"},\"query-input\":{\"@type\":\"PropertyValueSpecification\",\"valueRequired\":true,\"valueName\":\"search_term_string\"}}],\"inLanguage\":\"de\"}]}<\/script>\n<!-- \/ Yoast SEO plugin. -->","yoast_head_json":{"title":"Finden Sie Arbeit in M\u00fcnchen, Deutschland","description":"Sind Sie auf der Suche nach einem Job in M\u00fcnchen? Erfahren Sie auf diesen Seiten von \u201eMake it in Munich\u201c alles \u00fcber Steuern und Gehalt, welche Berufe gefragt sind, die Arbeitsbedingungen, wie Sie sich bewerben und mehr.","robots":{"index":"index","follow":"follow","max-snippet":"max-snippet:-1","max-image-preview":"max-image-preview:large","max-video-preview":"max-video-preview:-1"},"canonical":"https:\/\/www.make-it-in-munich.com\/de\/arbeit-und-studium\/","og_locale":"de_DE","og_type":"article","og_title":"Finden Sie Arbeit in M\u00fcnchen, Deutschland","og_description":"Sind Sie auf der Suche nach einem Job in M\u00fcnchen? Erfahren Sie auf diesen Seiten von \u201eMake it in Munich\u201c alles \u00fcber Steuern und Gehalt, welche Berufe gefragt sind, die Arbeitsbedingungen, wie Sie sich bewerben und mehr.","og_url":"https:\/\/www.make-it-in-munich.com\/de\/arbeit-und-studium\/","og_site_name":"Make it in Munich","article_modified_time":"2025-07-07T12:17:25+00:00","twitter_card":"summary_large_image","schema":{"@context":"https:\/\/schema.org","@graph":[{"@type":"WebPage","@id":"https:\/\/www.make-it-in-munich.com\/de\/arbeit-und-studium\/","url":"https:\/\/www.make-it-in-munich.com\/de\/arbeit-und-studium\/","name":"Finden Sie Arbeit in M\u00fcnchen, Deutschland","isPartOf":{"@id":"https:\/\/www.make-it-in-munich.com\/de\/#website"},"datePublished":"2025-02-05T12:55:50+00:00","dateModified":"2025-07-07T12:17:25+00:00","description":"Sind Sie auf der Suche nach einem Job in M\u00fcnchen? Erfahren Sie auf diesen Seiten von \u201eMake it in Munich\u201c alles \u00fcber Steuern und Gehalt, welche Berufe gefragt sind, die Arbeitsbedingungen, wie Sie sich bewerben und mehr.","breadcrumb":{"@id":"https:\/\/www.make-it-in-munich.com\/de\/arbeit-und-studium\/#breadcrumb"},"inLanguage":"de","potentialAction":[{"@type":"ReadAction","target":["https:\/\/www.make-it-in-munich.com\/de\/arbeit-und-studium\/"]}]},{"@type":"BreadcrumbList","@id":"https:\/\/www.make-it-in-munich.com\/de\/arbeit-und-studium\/#breadcrumb","itemListElement":[{"@type":"ListItem","position":1,"name":"Home","item":"https:\/\/www.make-it-in-munich.com\/de\/"},{"@type":"ListItem","position":2,"name":"Arbeit und Studium"}]},{"@type":"WebSite","@id":"https:\/\/www.make-it-in-munich.com\/de\/#website","url":"https:\/\/www.make-it-in-munich.com\/de\/","name":"Make it in Munich","description":"","potentialAction":[{"@type":"SearchAction","target":{"@type":"EntryPoint","urlTemplate":"https:\/\/www.make-it-in-munich.com\/de\/?s={search_term_string}"},"query-input":{"@type":"PropertyValueSpecification","valueRequired":true,"valueName":"search_term_string"}}],"inLanguage":"de"}]}},"_links":{"self":[{"href":"https:\/\/www.make-it-in-munich.com\/de\/wp-json\/wp\/v2\/pages\/14331","targetHints":{"allow":["GET"]}}],"collection":[{"href":"https:\/\/www.make-it-in-munich.com\/de\/wp-json\/wp\/v2\/pages"}],"about":[{"href":"https:\/\/www.make-it-in-munich.com\/de\/wp-json\/wp\/v2\/types\/page"}],"author":[{"embeddable":true,"href":"https:\/\/www.make-it-in-munich.com\/de\/wp-json\/wp\/v2\/users\/1"}],"replies":[{"embeddable":true,"href":"https:\/\/www.make-it-in-munich.com\/de\/wp-json\/wp\/v2\/comments?post=14331"}],"version-history":[{"count":1,"href":"https:\/\/www.make-it-in-munich.com\/de\/wp-json\/wp\/v2\/pages\/14331\/revisions"}],"predecessor-version":[{"id":14336,"href":"https:\/\/www.make-it-in-munich.com\/de\/wp-json\/wp\/v2\/pages\/14331\/revisions\/14336"}],"wp:attachment":[{"href":"https:\/\/www.make-it-in-munich.com\/de\/wp-json\/wp\/v2\/media?parent=14331"}],"curies":[{"name":"wp","href":"https:\/\/api.w.org\/{rel}","templated":true}]}}